{"id":327,"date":"2024-11-17T01:43:52","date_gmt":"2024-11-17T00:43:52","guid":{"rendered":"https:\/\/www.prigodno.hr\/?page_id=327"},"modified":"2024-11-22T15:50:57","modified_gmt":"2024-11-22T14:50:57","slug":"kontakt","status":"publish","type":"page","link":"https:\/\/www.prigodno.hr\/?page_id=327","title":{"rendered":"KONTAKT"},"content":{"rendered":"<p>&#8220;Prigodno, obrt za trgovinu, izradu raznovrsnih predmeta i proizvodnju, vl. Paulina Kraja\u010di\u0107&#8221;<\/p><p>Prijepoljska 33, 10040 Zagreb<\/p><p>paulina@prigodno.hr<\/p><p>Mob. (+385) 091-5505-224<\/p><style id=\"wpforms-css-vars-root\">\n\t\t\t\t:root {\n\t\t\t\t\t--wpforms-field-border-radius: 3px;\n--wpforms-field-border-style: solid;\n--wpforms-field-border-size: 1px;\n--wpforms-field-background-color: #ffffff;\n--wpforms-field-border-color: rgba( 0, 0, 0, 0.25 );\n--wpforms-field-border-color-spare: rgba( 0, 0, 0, 0.25 );\n--wpforms-field-text-color: rgba( 0, 0, 0, 0.7 );\n--wpforms-field-menu-color: #ffffff;\n--wpforms-label-color: rgba( 0, 0, 0, 0.85 );\n--wpforms-label-sublabel-color: rgba( 0, 0, 0, 0.55 );\n--wpforms-label-error-color: #d63637;\n--wpforms-button-border-radius: 3px;\n--wpforms-button-border-style: none;\n--wpforms-button-border-size: 1px;\n--wpforms-button-background-color: #066aab;\n--wpforms-button-border-color: #066aab;\n--wpforms-button-text-color: #ffffff;\n--wpforms-page-break-color: #066aab;\n--wpforms-background-image: none;\n--wpforms-background-position: center center;\n--wpforms-background-repeat: no-repeat;\n--wpforms-background-size: cover;\n--wpforms-background-width: 100px;\n--wpforms-background-height: 100px;\n--wpforms-background-color: rgba( 0, 0, 0, 0 );\n--wpforms-background-url: none;\n--wpforms-container-padding: 0px;\n--wpforms-container-border-style: none;\n--wpforms-container-border-width: 1px;\n--wpforms-container-border-color: #000000;\n--wpforms-container-border-radius: 3px;\n--wpforms-field-size-input-height: 43px;\n--wpforms-field-size-input-spacing: 15px;\n--wpforms-field-size-font-size: 16px;\n--wpforms-field-size-line-height: 19px;\n--wpforms-field-size-padding-h: 14px;\n--wpforms-field-size-checkbox-size: 16px;\n--wpforms-field-size-sublabel-spacing: 5px;\n--wpforms-field-size-icon-size: 1;\n--wpforms-label-size-font-size: 16px;\n--wpforms-label-size-line-height: 19px;\n--wpforms-label-size-sublabel-font-size: 14px;\n--wpforms-label-size-sublabel-line-height: 17px;\n--wpforms-button-size-font-size: 17px;\n--wpforms-button-size-height: 41px;\n--wpforms-button-size-padding-h: 15px;\n--wpforms-button-size-margin-top: 10px;\n--wpforms-container-shadow-size-box-shadow: none;\n\n\t\t\t\t}\n\t\t\t<\/style><div class=\"wpforms-container wpforms-container-full wpforms-block wpforms-block-3b970c3d-e3e0-43e7-aefe-38d356d5e0a4 wpforms-render-modern\" id=\"wpforms-30\"><form id=\"wpforms-form-30\" class=\"wpforms-validate wpforms-form wpforms-ajax-form\" data-formid=\"30\" method=\"post\" enctype=\"multipart\/form-data\" action=\"\/index.php?rest_route=%2Fwp%2Fv2%2Fpages%2F327\" data-token=\"0edcda847502bb6926fc2d820bb975a7\" data-token-time=\"1776895212\"><noscript class=\"wpforms-error-noscript\">Please enable JavaScript in your browser to complete this form.<\/noscript><div class=\"wpforms-hidden\" id=\"wpforms-error-noscript\">Please enable JavaScript in your browser to complete this form.<\/div><div class=\"wpforms-field-container\"><div id=\"wpforms-30-field_1-container\" class=\"wpforms-field wpforms-field-text\" data-field-id=\"1\"><label class=\"wpforms-field-label\" for=\"wpforms-30-field_1\">Ime<\/label><input type=\"text\" id=\"wpforms-30-field_1\" class=\"wpforms-field-medium\" name=\"wpforms[fields][1]\" placeholder=\"Ime\" aria-errormessage=\"wpforms-30-field_1-error\" ><\/div><div id=\"wpforms-30-field_2-container\" class=\"wpforms-field wpforms-field-email\" data-field-id=\"2\"><label class=\"wpforms-field-label\" for=\"wpforms-30-field_2\">Email <span class=\"wpforms-required-label\" aria-hidden=\"true\">*<\/span><\/label><input type=\"email\" id=\"wpforms-30-field_2\" class=\"wpforms-field-medium wpforms-field-required\" name=\"wpforms[fields][2]\" placeholder=\"Upi\u0161ite mail\" spellcheck=\"false\" aria-errormessage=\"wpforms-30-field_2-error\" required><\/div><div id=\"wpforms-30-field_3-container\" class=\"wpforms-field wpforms-field-checkbox\" data-field-id=\"3\"><fieldset><legend class=\"wpforms-field-label\">\u017delim da me kontaktirate <\/legend><ul id=\"wpforms-30-field_3\" class=\"wpforms-randomize\" data-choice-limit=\"1\"><li class=\"choice-1 depth-1\"><input type=\"checkbox\" id=\"wpforms-30-field_3_1\" data-rule-check-limit=\"true\" name=\"wpforms[fields][3][]\" value=\"Email\" aria-errormessage=\"wpforms-30-field_3_1-error\"  ><label class=\"wpforms-field-label-inline\" for=\"wpforms-30-field_3_1\">Email<\/label><\/li><li class=\"choice-3 depth-1\"><input type=\"checkbox\" id=\"wpforms-30-field_3_3\" data-rule-check-limit=\"true\" name=\"wpforms[fields][3][]\" value=\"Telefon\" aria-errormessage=\"wpforms-30-field_3_3-error\"  ><label class=\"wpforms-field-label-inline\" for=\"wpforms-30-field_3_3\">Telefon<\/label><\/li><\/ul><\/fieldset><\/div><div id=\"wpforms-30-field_4-container\" class=\"wpforms-field wpforms-field-textarea\" data-field-id=\"4\"><label class=\"wpforms-field-label\" for=\"wpforms-30-field_4\">Tekst<\/label><textarea id=\"wpforms-30-field_4\" class=\"wpforms-field-medium\" name=\"wpforms[fields][4]\" aria-errormessage=\"wpforms-30-field_4-error\" ><\/textarea><\/div><\/div><!-- .wpforms-field-container --><div class=\"wpforms-submit-container\" ><input type=\"hidden\" name=\"wpforms[id]\" value=\"30\"><input type=\"hidden\" name=\"page_title\" value=\"\"><input type=\"hidden\" name=\"page_url\" value=\"https:\/\/www.prigodno.hr\/index.php?rest_route=%2Fwp%2Fv2%2Fpages%2F327\"><button type=\"submit\" name=\"wpforms[submit]\" id=\"wpforms-submit-30\" class=\"wpforms-submit\" data-alt-text=\"\u0160alje se...\" data-submit-text=\"Po\u0161alji\" aria-live=\"assertive\" value=\"wpforms-submit\">Po\u0161alji<\/button><img loading=\"lazy\" decoding=\"async\" src=\"https:\/\/www.prigodno.hr\/wp-content\/plugins\/wpforms-lite\/assets\/images\/submit-spin.svg\" class=\"wpforms-submit-spinner\" style=\"display: none;\" width=\"26\" height=\"26\" alt=\"Loading\"><\/div><\/form><\/div>  <!-- .wpforms-container --><p><\/p><div class=\"wp-block-group alignfull has-contrast-color has-text-color is-vertical is-content-justification-center is-layout-flex wp-container-core-group-is-layout-f1198d31 wp-block-group-is-layout-flex\" style=\"min-height:40vh;margin-top:0;margin-bottom:0;padding-top:var(--wp--preset--spacing--60);padding-right:var(--wp--preset--spacing--50);padding-bottom:var(--wp--preset--spacing--60);padding-left:var(--wp--preset--spacing--50)\"><div style=\"margin-bottom:6px;\" class=\"is-default-size aligncenter wp-block-site-logo\"><a href=\"https:\/\/www.prigodno.hr\/\" class=\"custom-logo-link\" rel=\"home\"><img loading=\"lazy\" decoding=\"async\" width=\"512\" height=\"512\" src=\"https:\/\/www.prigodno.hr\/wp-content\/uploads\/2024\/09\/cropped-IMG_20221012_213258_728.jpg\" class=\"custom-logo\" alt=\"rodendan u vrticu prigodno by paulina krajacic logo\" srcset=\"https:\/\/www.prigodno.hr\/wp-content\/uploads\/2024\/09\/cropped-IMG_20221012_213258_728.jpg 512w, https:\/\/www.prigodno.hr\/wp-content\/uploads\/2024\/09\/cropped-IMG_20221012_213258_728-300x300.jpg 300w, https:\/\/www.prigodno.hr\/wp-content\/uploads\/2024\/09\/cropped-IMG_20221012_213258_728-150x150.jpg 150w, https:\/\/www.prigodno.hr\/wp-content\/uploads\/2024\/09\/cropped-IMG_20221012_213258_728-100x100.jpg 100w\" sizes=\"auto, (max-width: 512px) 100vw, 512px\" \/><\/a><\/div>\n\n<p class=\"has-text-align-center has-medium-font-size\">Proudly powered by <a href=\"http:\/\/www.prigodno.hr\">Obrt Prigodno<\/a><\/p>\n\n<ul class=\"wp-block-social-links has-normal-icon-size is-style-logos-only is-nowrap is-layout-flex wp-container-core-social-links-is-layout-53bee8aa wp-block-social-links-is-layout-flex\"><li class=\"wp-social-link wp-social-link-facebook  wp-block-social-link\"><a href=\"https:\/\/www.facebook.com\/prigodno\/\" class=\"wp-block-social-link-anchor\"><svg width=\"24\" height=\"24\" viewBox=\"0 0 24 24\" version=\"1.1\" xmlns=\"http:\/\/www.w3.org\/2000\/svg\" aria-hidden=\"true\" focusable=\"false\"><path d=\"M12 2C6.5 2 2 6.5 2 12c0 5 3.7 9.1 8.4 9.9v-7H7.9V12h2.5V9.8c0-2.5 1.5-3.9 3.8-3.9 1.1 0 2.2.2 2.2.2v2.5h-1.3c-1.2 0-1.6.8-1.6 1.6V12h2.8l-.4 2.9h-2.3v7C18.3 21.1 22 17 22 12c0-5.5-4.5-10-10-10z\"><\/path><\/svg><span class=\"wp-block-social-link-label screen-reader-text\">Facebook<\/span><\/a><\/li>\n\n<li class=\"wp-social-link wp-social-link-instagram  wp-block-social-link\"><a href=\"https:\/\/www.instagram.com\/vrticki_rodendanski_paketici\/\" class=\"wp-block-social-link-anchor\"><svg width=\"24\" height=\"24\" viewBox=\"0 0 24 24\" version=\"1.1\" xmlns=\"http:\/\/www.w3.org\/2000\/svg\" aria-hidden=\"true\" focusable=\"false\"><path d=\"M12,4.622c2.403,0,2.688,0.009,3.637,0.052c0.877,0.04,1.354,0.187,1.671,0.31c0.42,0.163,0.72,0.358,1.035,0.673 c0.315,0.315,0.51,0.615,0.673,1.035c0.123,0.317,0.27,0.794,0.31,1.671c0.043,0.949,0.052,1.234,0.052,3.637 s-0.009,2.688-0.052,3.637c-0.04,0.877-0.187,1.354-0.31,1.671c-0.163,0.42-0.358,0.72-0.673,1.035 c-0.315,0.315-0.615,0.51-1.035,0.673c-0.317,0.123-0.794,0.27-1.671,0.31c-0.949,0.043-1.233,0.052-3.637,0.052 s-2.688-0.009-3.637-0.052c-0.877-0.04-1.354-0.187-1.671-0.31c-0.42-0.163-0.72-0.358-1.035-0.673 c-0.315-0.315-0.51-0.615-0.673-1.035c-0.123-0.317-0.27-0.794-0.31-1.671C4.631,14.688,4.622,14.403,4.622,12 s0.009-2.688,0.052-3.637c0.04-0.877,0.187-1.354,0.31-1.671c0.163-0.42,0.358-0.72,0.673-1.035 c0.315-0.315,0.615-0.51,1.035-0.673c0.317-0.123,0.794-0.27,1.671-0.31C9.312,4.631,9.597,4.622,12,4.622 M12,3 C9.556,3,9.249,3.01,8.289,3.054C7.331,3.098,6.677,3.25,6.105,3.472C5.513,3.702,5.011,4.01,4.511,4.511 c-0.5,0.5-0.808,1.002-1.038,1.594C3.25,6.677,3.098,7.331,3.054,8.289C3.01,9.249,3,9.556,3,12c0,2.444,0.01,2.751,0.054,3.711 c0.044,0.958,0.196,1.612,0.418,2.185c0.23,0.592,0.538,1.094,1.038,1.594c0.5,0.5,1.002,0.808,1.594,1.038 c0.572,0.222,1.227,0.375,2.185,0.418C9.249,20.99,9.556,21,12,21s2.751-0.01,3.711-0.054c0.958-0.044,1.612-0.196,2.185-0.418 c0.592-0.23,1.094-0.538,1.594-1.038c0.5-0.5,0.808-1.002,1.038-1.594c0.222-0.572,0.375-1.227,0.418-2.185 C20.99,14.751,21,14.444,21,12s-0.01-2.751-0.054-3.711c-0.044-0.958-0.196-1.612-0.418-2.185c-0.23-0.592-0.538-1.094-1.038-1.594 c-0.5-0.5-1.002-0.808-1.594-1.038c-0.572-0.222-1.227-0.375-2.185-0.418C14.751,3.01,14.444,3,12,3L12,3z M12,7.378 c-2.552,0-4.622,2.069-4.622,4.622S9.448,16.622,12,16.622s4.622-2.069,4.622-4.622S14.552,7.378,12,7.378z M12,15 c-1.657,0-3-1.343-3-3s1.343-3,3-3s3,1.343,3,3S13.657,15,12,15z M16.804,6.116c-0.596,0-1.08,0.484-1.08,1.08 s0.484,1.08,1.08,1.08c0.596,0,1.08-0.484,1.08-1.08S17.401,6.116,16.804,6.116z\"><\/path><\/svg><span class=\"wp-block-social-link-label screen-reader-text\">Instagram<\/span><\/a><\/li><\/ul><\/div>","protected":false},"excerpt":{"rendered":"<p>&#8220;Prigodno, obrt za trgovinu, izradu raznovrsnih predmeta i proizvodnju, vl. Paulina Kraja\u010di\u0107&#8221; Prijepoljska 33, 10040 Zagreb paulina@prigodno.hr Mob. (+385) 091-5505-224 Proudly powered by Obrt Prigodno<\/p>\n","protected":false},"author":1,"featured_media":0,"parent":0,"menu_order":0,"comment_status":"closed","ping_status":"closed","template":"","meta":{"footnotes":""},"class_list":["post-327","page","type-page","status-publish","hentry"],"yoast_head":"<!-- This site is optimized with the Yoast SEO plugin v23.8 - https:\/\/yoast.com\/wordpress\/plugins\/seo\/ -->\n<title>KONTAKT - Ro\u0111endan u vrti\u0107u<\/title>\n<meta name=\"robots\" content=\"index, follow, max-snippet:-1, max-image-preview:large, max-video-preview:-1\" \/>\n<link rel=\"canonical\" href=\"https:\/\/www.prigodno.hr\/?page_id=327\" \/>\n<meta property=\"og:locale\" content=\"hr_HR\" \/>\n<meta property=\"og:type\" content=\"article\" \/>\n<meta property=\"og:title\" content=\"KONTAKT - Ro\u0111endan u vrti\u0107u\" \/>\n<meta property=\"og:description\" content=\"&#8220;Prigodno, obrt za trgovinu, izradu raznovrsnih predmeta i proizvodnju, vl. Paulina Kraja\u010di\u0107&#8221; Prijepoljska 33, 10040 Zagreb paulina@prigodno.hr Mob. (+385) 091-5505-224 Proudly powered by Obrt Prigodno\" \/>\n<meta property=\"og:url\" content=\"https:\/\/www.prigodno.hr\/?page_id=327\" \/>\n<meta property=\"og:site_name\" content=\"Ro\u0111endan u vrti\u0107u\" \/>\n<meta property=\"article:modified_time\" content=\"2024-11-22T14:50:57+00:00\" \/>\n<meta name=\"twitter:card\" content=\"summary_large_image\" \/>\n<meta name=\"twitter:label1\" content=\"Procijenjeno vrijeme \u010ditanja\" \/>\n\t<meta name=\"twitter:data1\" content=\"1 minuta\" \/>\n<script type=\"application\/ld+json\" class=\"yoast-schema-graph\">{\"@context\":\"https:\/\/schema.org\",\"@graph\":[{\"@type\":\"WebPage\",\"@id\":\"https:\/\/www.prigodno.hr\/?page_id=327\",\"url\":\"https:\/\/www.prigodno.hr\/?page_id=327\",\"name\":\"KONTAKT - Ro\u0111endan u vrti\u0107u\",\"isPartOf\":{\"@id\":\"https:\/\/www.prigodno.hr\/#website\"},\"datePublished\":\"2024-11-17T00:43:52+00:00\",\"dateModified\":\"2024-11-22T14:50:57+00:00\",\"breadcrumb\":{\"@id\":\"https:\/\/www.prigodno.hr\/?page_id=327#breadcrumb\"},\"inLanguage\":\"hr\",\"potentialAction\":[{\"@type\":\"ReadAction\",\"target\":[\"https:\/\/www.prigodno.hr\/?page_id=327\"]}]},{\"@type\":\"BreadcrumbList\",\"@id\":\"https:\/\/www.prigodno.hr\/?page_id=327#breadcrumb\",\"itemListElement\":[{\"@type\":\"ListItem\",\"position\":1,\"name\":\"Home\",\"item\":\"https:\/\/www.prigodno.hr\/\"},{\"@type\":\"ListItem\",\"position\":2,\"name\":\"KONTAKT\"}]},{\"@type\":\"WebSite\",\"@id\":\"https:\/\/www.prigodno.hr\/#website\",\"url\":\"https:\/\/www.prigodno.hr\/\",\"name\":\"Ro\u0111endan u vrti\u0107u\",\"description\":\"#poklonimisvojevrijeme\",\"publisher\":{\"@id\":\"https:\/\/www.prigodno.hr\/#organization\"},\"potentialAction\":[{\"@type\":\"SearchAction\",\"target\":{\"@type\":\"EntryPoint\",\"urlTemplate\":\"https:\/\/www.prigodno.hr\/?s={search_term_string}\"},\"query-input\":{\"@type\":\"PropertyValueSpecification\",\"valueRequired\":true,\"valueName\":\"search_term_string\"}}],\"inLanguage\":\"hr\"},{\"@type\":\"Organization\",\"@id\":\"https:\/\/www.prigodno.hr\/#organization\",\"name\":\"Ro\u0111endan u vrti\u0107u\",\"url\":\"https:\/\/www.prigodno.hr\/\",\"logo\":{\"@type\":\"ImageObject\",\"inLanguage\":\"hr\",\"@id\":\"https:\/\/www.prigodno.hr\/#\/schema\/logo\/image\/\",\"url\":\"https:\/\/www.prigodno.hr\/wp-content\/uploads\/2024\/09\/cropped-IMG_20221012_213258_728.jpg\",\"contentUrl\":\"https:\/\/www.prigodno.hr\/wp-content\/uploads\/2024\/09\/cropped-IMG_20221012_213258_728.jpg\",\"width\":512,\"height\":512,\"caption\":\"Ro\u0111endan u vrti\u0107u\"},\"image\":{\"@id\":\"https:\/\/www.prigodno.hr\/#\/schema\/logo\/image\/\"}}]}<\/script>\n<!-- \/ Yoast SEO plugin. -->","yoast_head_json":{"title":"KONTAKT - Ro\u0111endan u vrti\u0107u","robots":{"index":"index","follow":"follow","max-snippet":"max-snippet:-1","max-image-preview":"max-image-preview:large","max-video-preview":"max-video-preview:-1"},"canonical":"https:\/\/www.prigodno.hr\/?page_id=327","og_locale":"hr_HR","og_type":"article","og_title":"KONTAKT - Ro\u0111endan u vrti\u0107u","og_description":"&#8220;Prigodno, obrt za trgovinu, izradu raznovrsnih predmeta i proizvodnju, vl. Paulina Kraja\u010di\u0107&#8221; Prijepoljska 33, 10040 Zagreb paulina@prigodno.hr Mob. (+385) 091-5505-224 Proudly powered by Obrt Prigodno","og_url":"https:\/\/www.prigodno.hr\/?page_id=327","og_site_name":"Ro\u0111endan u vrti\u0107u","article_modified_time":"2024-11-22T14:50:57+00:00","twitter_card":"summary_large_image","twitter_misc":{"Procijenjeno vrijeme \u010ditanja":"1 minuta"},"schema":{"@context":"https:\/\/schema.org","@graph":[{"@type":"WebPage","@id":"https:\/\/www.prigodno.hr\/?page_id=327","url":"https:\/\/www.prigodno.hr\/?page_id=327","name":"KONTAKT - Ro\u0111endan u vrti\u0107u","isPartOf":{"@id":"https:\/\/www.prigodno.hr\/#website"},"datePublished":"2024-11-17T00:43:52+00:00","dateModified":"2024-11-22T14:50:57+00:00","breadcrumb":{"@id":"https:\/\/www.prigodno.hr\/?page_id=327#breadcrumb"},"inLanguage":"hr","potentialAction":[{"@type":"ReadAction","target":["https:\/\/www.prigodno.hr\/?page_id=327"]}]},{"@type":"BreadcrumbList","@id":"https:\/\/www.prigodno.hr\/?page_id=327#breadcrumb","itemListElement":[{"@type":"ListItem","position":1,"name":"Home","item":"https:\/\/www.prigodno.hr\/"},{"@type":"ListItem","position":2,"name":"KONTAKT"}]},{"@type":"WebSite","@id":"https:\/\/www.prigodno.hr\/#website","url":"https:\/\/www.prigodno.hr\/","name":"Ro\u0111endan u vrti\u0107u","description":"#poklonimisvojevrijeme","publisher":{"@id":"https:\/\/www.prigodno.hr\/#organization"},"potentialAction":[{"@type":"SearchAction","target":{"@type":"EntryPoint","urlTemplate":"https:\/\/www.prigodno.hr\/?s={search_term_string}"},"query-input":{"@type":"PropertyValueSpecification","valueRequired":true,"valueName":"search_term_string"}}],"inLanguage":"hr"},{"@type":"Organization","@id":"https:\/\/www.prigodno.hr\/#organization","name":"Ro\u0111endan u vrti\u0107u","url":"https:\/\/www.prigodno.hr\/","logo":{"@type":"ImageObject","inLanguage":"hr","@id":"https:\/\/www.prigodno.hr\/#\/schema\/logo\/image\/","url":"https:\/\/www.prigodno.hr\/wp-content\/uploads\/2024\/09\/cropped-IMG_20221012_213258_728.jpg","contentUrl":"https:\/\/www.prigodno.hr\/wp-content\/uploads\/2024\/09\/cropped-IMG_20221012_213258_728.jpg","width":512,"height":512,"caption":"Ro\u0111endan u vrti\u0107u"},"image":{"@id":"https:\/\/www.prigodno.hr\/#\/schema\/logo\/image\/"}}]}},"_links":{"self":[{"href":"https:\/\/www.prigodno.hr\/index.php?rest_route=\/wp\/v2\/pages\/327","targetHints":{"allow":["GET"]}}],"collection":[{"href":"https:\/\/www.prigodno.hr\/index.php?rest_route=\/wp\/v2\/pages"}],"about":[{"href":"https:\/\/www.prigodno.hr\/index.php?rest_route=\/wp\/v2\/types\/page"}],"author":[{"embeddable":true,"href":"https:\/\/www.prigodno.hr\/index.php?rest_route=\/wp\/v2\/users\/1"}],"replies":[{"embeddable":true,"href":"https:\/\/www.prigodno.hr\/index.php?rest_route=%2Fwp%2Fv2%2Fcomments&post=327"}],"version-history":[{"count":4,"href":"https:\/\/www.prigodno.hr\/index.php?rest_route=\/wp\/v2\/pages\/327\/revisions"}],"predecessor-version":[{"id":480,"href":"https:\/\/www.prigodno.hr\/index.php?rest_route=\/wp\/v2\/pages\/327\/revisions\/480"}],"wp:attachment":[{"href":"https:\/\/www.prigodno.hr\/index.php?rest_route=%2Fwp%2Fv2%2Fmedia&parent=327"}],"curies":[{"name":"wp","href":"https:\/\/api.w.org\/{rel}","templated":true}]}}